{"id":15,"date":"2023-05-08T19:08:00","date_gmt":"2023-05-08T19:08:00","guid":{"rendered":"https:\/\/surayyazeynalova.com\/?page_id=15"},"modified":"2023-05-08T19:36:38","modified_gmt":"2023-05-08T19:36:38","slug":"postimpressionizm","status":"publish","type":"page","link":"https:\/\/surayyazeynalova.com\/?page_id=15","title":{"rendered":"Postimpressionizm"},"content":{"rendered":"\n<div class=\"wp-block-columns is-layout-flex wp-container-core-columns-is-layout-9d6595d7 wp-block-columns-is-layout-flex\">\n<div class=\"wp-block-column is-layout-flow wp-block-column-is-layout-flow\" style=\"flex-basis:33.33%\">\n<figure class=\"wp-block-image size-large\"><img loading=\"lazy\" decoding=\"async\" width=\"683\" height=\"1024\" src=\"https:\/\/surayyazeynalova.com\/wp-content\/uploads\/2023\/05\/1-2-683x1024.jpg\" alt=\"\" class=\"wp-image-39\" srcset=\"https:\/\/surayyazeynalova.com\/wp-content\/uploads\/2023\/05\/1-2-683x1024.jpg 683w, https:\/\/surayyazeynalova.com\/wp-content\/uploads\/2023\/05\/1-2-200x300.jpg 200w, https:\/\/surayyazeynalova.com\/wp-content\/uploads\/2023\/05\/1-2-768x1152.jpg 768w, https:\/\/surayyazeynalova.com\/wp-content\/uploads\/2023\/05\/1-2-1024x1536.jpg 1024w, https:\/\/surayyazeynalova.com\/wp-content\/uploads\/2023\/05\/1-2-1365x2048.jpg 1365w, https:\/\/surayyazeynalova.com\/wp-content\/uploads\/2023\/05\/1-2-scaled.jpg 1707w\" sizes=\"auto, (max-width: 683px) 100vw, 683px\" \/><\/figure>\n<\/div>\n\n\n\n<div class=\"wp-block-column is-vertically-aligned-center is-layout-flow wp-block-column-is-layout-flow\" style=\"flex-basis:66.66%\">\n<p class=\"has-text-align-center\"><strong>Duet &#8211;\u00a0 K\u0259tan (ya\u011fl\u0131 boya) <\/strong><\/p>\n\n\n\n<p class=\"has-text-align-center\"><strong>100x135sm <\/strong><\/p>\n\n\n\n<p class=\"has-text-align-center\"><strong>17.04.1982<\/strong><\/p>\n<\/div>\n<\/div>\n\n\n\n<div class=\"wp-block-columns is-layout-flex wp-container-core-columns-is-layout-9d6595d7 wp-block-columns-is-layout-flex\">\n<div class=\"wp-block-column is-layout-flow wp-block-column-is-layout-flow\" style=\"flex-basis:33.33%\">\n<figure class=\"wp-block-image size-large\"><img loading=\"lazy\" decoding=\"async\" width=\"1024\" height=\"683\" src=\"https:\/\/surayyazeynalova.com\/wp-content\/uploads\/2023\/05\/2-2-1024x683.jpg\" alt=\"\" class=\"wp-image-41\" srcset=\"https:\/\/surayyazeynalova.com\/wp-content\/uploads\/2023\/05\/2-2-1024x683.jpg 1024w, https:\/\/surayyazeynalova.com\/wp-content\/uploads\/2023\/05\/2-2-300x200.jpg 300w, https:\/\/surayyazeynalova.com\/wp-content\/uploads\/2023\/05\/2-2-768x512.jpg 768w, https:\/\/surayyazeynalova.com\/wp-content\/uploads\/2023\/05\/2-2-1536x1024.jpg 1536w, https:\/\/surayyazeynalova.com\/wp-content\/uploads\/2023\/05\/2-2-2048x1365.jpg 2048w\" sizes=\"auto, (max-width: 1024px) 100vw, 1024px\" \/><\/figure>\n<\/div>\n\n\n\n<div class=\"wp-block-column is-vertically-aligned-center is-layout-flow wp-block-column-is-layout-flow\" style=\"flex-basis:66.66%\">\n<p class=\"has-text-align-center\"><strong>K\u00f6rp\u0259 h\u0259y\u0259can\u0131 &#8211;\u00a0 K\u0259tan (ya\u011fl\u0131 boya) <\/strong><\/p>\n\n\n\n<p class=\"has-text-align-center\"><strong>136x145sm <\/strong><\/p>\n\n\n\n<p class=\"has-text-align-center\"><strong>14.12.2001<\/strong><\/p>\n<\/div>\n<\/div>\n\n\n\n<div class=\"wp-block-columns is-layout-flex wp-container-core-columns-is-layout-9d6595d7 wp-block-columns-is-layout-flex\">\n<div class=\"wp-block-column is-layout-flow wp-block-column-is-layout-flow\" style=\"flex-basis:33.33%\">\n<figure class=\"wp-block-image size-large\"><img loading=\"lazy\" decoding=\"async\" width=\"683\" height=\"1024\" src=\"https:\/\/surayyazeynalova.com\/wp-content\/uploads\/2023\/05\/3-683x1024.jpg\" alt=\"\" class=\"wp-image-42\" srcset=\"https:\/\/surayyazeynalova.com\/wp-content\/uploads\/2023\/05\/3-683x1024.jpg 683w, https:\/\/surayyazeynalova.com\/wp-content\/uploads\/2023\/05\/3-200x300.jpg 200w, https:\/\/surayyazeynalova.com\/wp-content\/uploads\/2023\/05\/3-768x1152.jpg 768w, https:\/\/surayyazeynalova.com\/wp-content\/uploads\/2023\/05\/3-1024x1536.jpg 1024w, https:\/\/surayyazeynalova.com\/wp-content\/uploads\/2023\/05\/3-1365x2048.jpg 1365w, https:\/\/surayyazeynalova.com\/wp-content\/uploads\/2023\/05\/3-scaled.jpg 1707w\" sizes=\"auto, (max-width: 683px) 100vw, 683px\" \/><\/figure>\n<\/div>\n\n\n\n<div class=\"wp-block-column is-vertically-aligned-center is-layout-flow wp-block-column-is-layout-flow\" style=\"flex-basis:66.66%\">\n<p class=\"has-text-align-center\"><strong><strong>Ruhun s\u0259si &#8211; K\u0259tan (ya\u011fl\u0131 boya) <\/strong><\/strong><\/p>\n\n\n\n<p class=\"has-text-align-center\"><strong><strong>154x163sm <\/strong><\/strong><\/p>\n\n\n\n<p class=\"has-text-align-center\"><strong><strong>13.11.2013<\/strong><\/strong><\/p>\n<\/div>\n<\/div>\n\n\n\n<div class=\"wp-block-columns is-layout-flex wp-container-core-columns-is-layout-9d6595d7 wp-block-columns-is-layout-flex\">\n<div class=\"wp-block-column is-layout-flow wp-block-column-is-layout-flow\" style=\"flex-basis:33.33%\">\n<figure class=\"wp-block-image size-large\"><img loading=\"lazy\" decoding=\"async\" width=\"984\" height=\"1476\" src=\"https:\/\/surayyazeynalova.com\/wp-content\/uploads\/2023\/05\/4-683x1024.jpg\" alt=\"\" class=\"wp-image-43\" srcset=\"https:\/\/surayyazeynalova.com\/wp-content\/uploads\/2023\/05\/4-683x1024.jpg 683w, https:\/\/surayyazeynalova.com\/wp-content\/uploads\/2023\/05\/4-200x300.jpg 200w, https:\/\/surayyazeynalova.com\/wp-content\/uploads\/2023\/05\/4-768x1152.jpg 768w, https:\/\/surayyazeynalova.com\/wp-content\/uploads\/2023\/05\/4.jpg 984w\" sizes=\"auto, (max-width: 984px) 100vw, 984px\" \/><\/figure>\n<\/div>\n\n\n\n<div class=\"wp-block-column is-vertically-aligned-center is-layout-flow wp-block-column-is-layout-flow\" style=\"flex-basis:66.66%\">\n<p class=\"has-text-align-center\"><strong><strong>Q\u00fcrub &#8211;\u00a0 K\u0259tan (ya\u011fl\u0131 boya) <\/strong><\/strong><\/p>\n\n\n\n<p class=\"has-text-align-center\"><strong><strong>60x80sm <\/strong><\/strong><\/p>\n\n\n\n<p class=\"has-text-align-center\"><strong><strong>18.03.2000<\/strong><\/strong><\/p>\n<\/div>\n<\/div>\n\n\n\n<div class=\"wp-block-columns is-layout-flex wp-container-core-columns-is-layout-9d6595d7 wp-block-columns-is-layout-flex\">\n<div class=\"wp-block-column is-layout-flow wp-block-column-is-layout-flow\" style=\"flex-basis:33.33%\">\n<figure class=\"wp-block-image size-large\"><img loading=\"lazy\" decoding=\"async\" width=\"1024\" height=\"683\" src=\"https:\/\/surayyazeynalova.com\/wp-content\/uploads\/2023\/05\/5-1024x683.jpg\" alt=\"\" class=\"wp-image-44\" srcset=\"https:\/\/surayyazeynalova.com\/wp-content\/uploads\/2023\/05\/5-1024x683.jpg 1024w, https:\/\/surayyazeynalova.com\/wp-content\/uploads\/2023\/05\/5-300x200.jpg 300w, https:\/\/surayyazeynalova.com\/wp-content\/uploads\/2023\/05\/5-768x512.jpg 768w, https:\/\/surayyazeynalova.com\/wp-content\/uploads\/2023\/05\/5-1536x1024.jpg 1536w, https:\/\/surayyazeynalova.com\/wp-content\/uploads\/2023\/05\/5-2048x1365.jpg 2048w\" sizes=\"auto, (max-width: 1024px) 100vw, 1024px\" \/><\/figure>\n<\/div>\n\n\n\n<div class=\"wp-block-column is-vertically-aligned-center is-layout-flow wp-block-column-is-layout-flow\" style=\"flex-basis:66.66%\">\n<p class=\"has-text-align-center\"><strong>Mavi yuxu K\u0259tan (ya\u011fl\u0131 boya) <\/strong><\/p>\n\n\n\n<p class=\"has-text-align-center\"><strong>130x100sm <\/strong><\/p>\n\n\n\n<p class=\"has-text-align-center\"><strong>25.07.2016<\/strong><\/p>\n<\/div>\n<\/div>\n","protected":false},"excerpt":{"rendered":"<p>Duet &#8211;\u00a0 K\u0259tan (ya\u011fl\u0131 boya) 100x135sm 17.04.1982 K\u00f6rp\u0259 h\u0259y\u0259can\u0131 &#8211;\u00a0 K\u0259tan (ya\u011fl\u0131 boya) 136x145sm 14.12.2001 Ruhun s\u0259si &#8211; K\u0259tan (ya\u011fl\u0131 boya) 154x163sm 13.11.2013 Q\u00fcrub &#8211;\u00a0 K\u0259tan (ya\u011fl\u0131 boya) 60x80sm 18.03.2000 Mavi yuxu K\u0259tan (ya\u011fl\u0131 boya) 130x100sm 25.07.2016<\/p>\n","protected":false},"author":1,"featured_media":0,"parent":0,"menu_order":0,"comment_status":"closed","ping_status":"closed","template":"","meta":{"pgc_sgb_lightbox_settings":"","ocean_post_layout":"","ocean_both_sidebars_style":"","ocean_both_sidebars_content_width":0,"ocean_both_sidebars_sidebars_width":0,"ocean_sidebar":"0","ocean_second_sidebar":"0","ocean_disable_margins":"enable","ocean_add_body_class":"","ocean_shortcode_before_top_bar":"","ocean_shortcode_after_top_bar":"","ocean_shortcode_before_header":"","ocean_shortcode_after_header":"","ocean_has_shortcode":"","ocean_shortcode_after_title":"","ocean_shortcode_before_footer_widgets":"","ocean_shortcode_after_footer_widgets":"","ocean_shortcode_before_footer_bottom":"","ocean_shortcode_after_footer_bottom":"","ocean_display_top_bar":"default","ocean_display_header":"default","ocean_header_style":"","ocean_center_header_left_menu":"0","ocean_custom_header_template":"0","ocean_custom_logo":0,"ocean_custom_retina_logo":0,"ocean_custom_logo_max_width":0,"ocean_custom_logo_tablet_max_width":0,"ocean_custom_logo_mobile_max_width":0,"ocean_custom_logo_max_height":0,"ocean_custom_logo_tablet_max_height":0,"ocean_custom_logo_mobile_max_height":0,"ocean_header_custom_menu":"0","ocean_menu_typo_font_family":"0","ocean_menu_typo_font_subset":"","ocean_menu_typo_font_size":0,"ocean_menu_typo_font_size_tablet":0,"ocean_menu_typo_font_size_mobile":0,"ocean_menu_typo_font_size_unit":"px","ocean_menu_typo_font_weight":"","ocean_menu_typo_font_weight_tablet":"","ocean_menu_typo_font_weight_mobile":"","ocean_menu_typo_transform":"","ocean_menu_typo_transform_tablet":"","ocean_menu_typo_transform_mobile":"","ocean_menu_typo_line_height":0,"ocean_menu_typo_line_height_tablet":0,"ocean_menu_typo_line_height_mobile":0,"ocean_menu_typo_line_height_unit":"","ocean_menu_typo_spacing":0,"ocean_menu_typo_spacing_tablet":0,"ocean_menu_typo_spacing_mobile":0,"ocean_menu_typo_spacing_unit":"","ocean_menu_link_color":"","ocean_menu_link_color_hover":"","ocean_menu_link_color_active":"","ocean_menu_link_background":"","ocean_menu_link_hover_background":"","ocean_menu_link_active_background":"","ocean_menu_social_links_bg":"","ocean_menu_social_hover_links_bg":"","ocean_menu_social_links_color":"","ocean_menu_social_hover_links_color":"","ocean_disable_title":"default","ocean_disable_heading":"default","ocean_post_title":"","ocean_post_subheading":"","ocean_post_title_style":"","ocean_post_title_background_color":"","ocean_post_title_background":0,"ocean_post_title_bg_image_position":"","ocean_post_title_bg_image_attachment":"","ocean_post_title_bg_image_repeat":"","ocean_post_title_bg_image_size":"","ocean_post_title_height":0,"ocean_post_title_bg_overlay":0.5,"ocean_post_title_bg_overlay_color":"","ocean_disable_breadcrumbs":"default","ocean_breadcrumbs_color":"","ocean_breadcrumbs_separator_color":"","ocean_breadcrumbs_links_color":"","ocean_breadcrumbs_links_hover_color":"","ocean_display_footer_widgets":"default","ocean_display_footer_bottom":"default","ocean_custom_footer_template":"0","footnotes":""},"class_list":["post-15","page","type-page","status-publish","hentry","entry"],"_links":{"self":[{"href":"https:\/\/surayyazeynalova.com\/index.php?rest_route=\/wp\/v2\/pages\/15","targetHints":{"allow":["GET"]}}],"collection":[{"href":"https:\/\/surayyazeynalova.com\/index.php?rest_route=\/wp\/v2\/pages"}],"about":[{"href":"https:\/\/surayyazeynalova.com\/index.php?rest_route=\/wp\/v2\/types\/page"}],"author":[{"embeddable":true,"href":"https:\/\/surayyazeynalova.com\/index.php?rest_route=\/wp\/v2\/users\/1"}],"replies":[{"embeddable":true,"href":"https:\/\/surayyazeynalova.com\/index.php?rest_route=%2Fwp%2Fv2%2Fcomments&post=15"}],"version-history":[{"count":3,"href":"https:\/\/surayyazeynalova.com\/index.php?rest_route=\/wp\/v2\/pages\/15\/revisions"}],"predecessor-version":[{"id":82,"href":"https:\/\/surayyazeynalova.com\/index.php?rest_route=\/wp\/v2\/pages\/15\/revisions\/82"}],"wp:attachment":[{"href":"https:\/\/surayyazeynalova.com\/index.php?rest_route=%2Fwp%2Fv2%2Fmedia&parent=15"}],"curies":[{"name":"wp","href":"https:\/\/api.w.org\/{rel}","templated":true}]}}