{"id":17,"date":"2023-05-08T19:08:13","date_gmt":"2023-05-08T19:08:13","guid":{"rendered":"https:\/\/surayyazeynalova.com\/?page_id=17"},"modified":"2023-05-08T19:29:08","modified_gmt":"2023-05-08T19:29:08","slug":"parca-eskizl%c9%99ri","status":"publish","type":"page","link":"https:\/\/surayyazeynalova.com\/?page_id=17","title":{"rendered":"Par\u00e7a eskizl\u0259ri"},"content":{"rendered":"\n<div class=\"wp-block-columns is-layout-flex wp-container-core-columns-is-layout-9d6595d7 wp-block-columns-is-layout-flex\">\n<div class=\"wp-block-column is-layout-flow wp-block-column-is-layout-flow\">\n<figure class=\"wp-block-image size-large\"><img loading=\"lazy\" decoding=\"async\" width=\"680\" height=\"1024\" src=\"https:\/\/surayyazeynalova.com\/wp-content\/uploads\/2023\/05\/1-1-680x1024.jpg\" alt=\"\" class=\"wp-image-33\" srcset=\"https:\/\/surayyazeynalova.com\/wp-content\/uploads\/2023\/05\/1-1-680x1024.jpg 680w, https:\/\/surayyazeynalova.com\/wp-content\/uploads\/2023\/05\/1-1-199x300.jpg 199w, https:\/\/surayyazeynalova.com\/wp-content\/uploads\/2023\/05\/1-1-768x1156.jpg 768w, https:\/\/surayyazeynalova.com\/wp-content\/uploads\/2023\/05\/1-1-1020x1536.jpg 1020w, https:\/\/surayyazeynalova.com\/wp-content\/uploads\/2023\/05\/1-1-1360x2048.jpg 1360w, https:\/\/surayyazeynalova.com\/wp-content\/uploads\/2023\/05\/1-1-scaled.jpg 1700w\" sizes=\"auto, (max-width: 680px) 100vw, 680px\" \/><\/figure>\n\n\n\n<p class=\"has-text-align-center\"><strong>Bahar par\u00e7a eskizi Ka\u011f\u0131z Qua\u015f Akvarel M.1&#215;1 40x30sm <\/strong><br><strong>19.01.1982<\/strong><\/p>\n<\/div>\n\n\n\n<div class=\"wp-block-column is-layout-flow wp-block-column-is-layout-flow\">\n<figure class=\"wp-block-image size-large\"><img loading=\"lazy\" decoding=\"async\" width=\"680\" height=\"1024\" src=\"https:\/\/surayyazeynalova.com\/wp-content\/uploads\/2023\/05\/2-1-680x1024.jpg\" alt=\"\" class=\"wp-image-35\" srcset=\"https:\/\/surayyazeynalova.com\/wp-content\/uploads\/2023\/05\/2-1-680x1024.jpg 680w, https:\/\/surayyazeynalova.com\/wp-content\/uploads\/2023\/05\/2-1-199x300.jpg 199w, https:\/\/surayyazeynalova.com\/wp-content\/uploads\/2023\/05\/2-1-768x1156.jpg 768w, https:\/\/surayyazeynalova.com\/wp-content\/uploads\/2023\/05\/2-1-1020x1536.jpg 1020w, https:\/\/surayyazeynalova.com\/wp-content\/uploads\/2023\/05\/2-1-1360x2048.jpg 1360w, https:\/\/surayyazeynalova.com\/wp-content\/uploads\/2023\/05\/2-1-scaled.jpg 1700w\" sizes=\"auto, (max-width: 680px) 100vw, 680px\" \/><\/figure>\n\n\n\n<p class=\"has-text-align-center\"><strong>D\u0259nizin dibind\u0259 M.1&#215;1 Ka\u011f\u0131z Qua\u015f Akvarel 50x30sm <\/strong><br><strong>28.05.1979<\/strong><\/p>\n<\/div>\n<\/div>\n","protected":false},"excerpt":{"rendered":"<p>Bahar par\u00e7a eskizi Ka\u011f\u0131z Qua\u015f Akvarel M.1&#215;1 40x30sm 19.01.1982 D\u0259nizin dibind\u0259 M.1&#215;1 Ka\u011f\u0131z Qua\u015f Akvarel 50x30sm 28.05.1979<\/p>\n","protected":false},"author":1,"featured_media":0,"parent":0,"menu_order":0,"comment_status":"closed","ping_status":"closed","template":"","meta":{"pgc_sgb_lightbox_settings":"","ocean_post_layout":"","ocean_both_sidebars_style":"","ocean_both_sidebars_content_width":0,"ocean_both_sidebars_sidebars_width":0,"ocean_sidebar":"0","ocean_second_sidebar":"0","ocean_disable_margins":"enable","ocean_add_body_class":"","ocean_shortcode_before_top_bar":"","ocean_shortcode_after_top_bar":"","ocean_shortcode_before_header":"","ocean_shortcode_after_header":"","ocean_has_shortcode":"","ocean_shortcode_after_title":"","ocean_shortcode_before_footer_widgets":"","ocean_shortcode_after_footer_widgets":"","ocean_shortcode_before_footer_bottom":"","ocean_shortcode_after_footer_bottom":"","ocean_display_top_bar":"default","ocean_display_header":"default","ocean_header_style":"","ocean_center_header_left_menu":"0","ocean_custom_header_template":"0","ocean_custom_logo":0,"ocean_custom_retina_logo":0,"ocean_custom_logo_max_width":0,"ocean_custom_logo_tablet_max_width":0,"ocean_custom_logo_mobile_max_width":0,"ocean_custom_logo_max_height":0,"ocean_custom_logo_tablet_max_height":0,"ocean_custom_logo_mobile_max_height":0,"ocean_header_custom_menu":"0","ocean_menu_typo_font_family":"0","ocean_menu_typo_font_subset":"","ocean_menu_typo_font_size":0,"ocean_menu_typo_font_size_tablet":0,"ocean_menu_typo_font_size_mobile":0,"ocean_menu_typo_font_size_unit":"px","ocean_menu_typo_font_weight":"","ocean_menu_typo_font_weight_tablet":"","ocean_menu_typo_font_weight_mobile":"","ocean_menu_typo_transform":"","ocean_menu_typo_transform_tablet":"","ocean_menu_typo_transform_mobile":"","ocean_menu_typo_line_height":0,"ocean_menu_typo_line_height_tablet":0,"ocean_menu_typo_line_height_mobile":0,"ocean_menu_typo_line_height_unit":"","ocean_menu_typo_spacing":0,"ocean_menu_typo_spacing_tablet":0,"ocean_menu_typo_spacing_mobile":0,"ocean_menu_typo_spacing_unit":"","ocean_menu_link_color":"","ocean_menu_link_color_hover":"","ocean_menu_link_color_active":"","ocean_menu_link_background":"","ocean_menu_link_hover_background":"","ocean_menu_link_active_background":"","ocean_menu_social_links_bg":"","ocean_menu_social_hover_links_bg":"","ocean_menu_social_links_color":"","ocean_menu_social_hover_links_color":"","ocean_disable_title":"default","ocean_disable_heading":"default","ocean_post_title":"","ocean_post_subheading":"","ocean_post_title_style":"","ocean_post_title_background_color":"","ocean_post_title_background":0,"ocean_post_title_bg_image_position":"","ocean_post_title_bg_image_attachment":"","ocean_post_title_bg_image_repeat":"","ocean_post_title_bg_image_size":"","ocean_post_title_height":0,"ocean_post_title_bg_overlay":0.5,"ocean_post_title_bg_overlay_color":"","ocean_disable_breadcrumbs":"default","ocean_breadcrumbs_color":"","ocean_breadcrumbs_separator_color":"","ocean_breadcrumbs_links_color":"","ocean_breadcrumbs_links_hover_color":"","ocean_display_footer_widgets":"default","ocean_display_footer_bottom":"default","ocean_custom_footer_template":"0","footnotes":""},"class_list":["post-17","page","type-page","status-publish","hentry","entry"],"_links":{"self":[{"href":"https:\/\/surayyazeynalova.com\/index.php?rest_route=\/wp\/v2\/pages\/17","targetHints":{"allow":["GET"]}}],"collection":[{"href":"https:\/\/surayyazeynalova.com\/index.php?rest_route=\/wp\/v2\/pages"}],"about":[{"href":"https:\/\/surayyazeynalova.com\/index.php?rest_route=\/wp\/v2\/types\/page"}],"author":[{"embeddable":true,"href":"https:\/\/surayyazeynalova.com\/index.php?rest_route=\/wp\/v2\/users\/1"}],"replies":[{"embeddable":true,"href":"https:\/\/surayyazeynalova.com\/index.php?rest_route=%2Fwp%2Fv2%2Fcomments&post=17"}],"version-history":[{"count":2,"href":"https:\/\/surayyazeynalova.com\/index.php?rest_route=\/wp\/v2\/pages\/17\/revisions"}],"predecessor-version":[{"id":36,"href":"https:\/\/surayyazeynalova.com\/index.php?rest_route=\/wp\/v2\/pages\/17\/revisions\/36"}],"wp:attachment":[{"href":"https:\/\/surayyazeynalova.com\/index.php?rest_route=%2Fwp%2Fv2%2Fmedia&parent=17"}],"curies":[{"name":"wp","href":"https:\/\/api.w.org\/{rel}","templated":true}]}}