{"id":19,"date":"2023-05-08T19:08:28","date_gmt":"2023-05-08T19:08:28","guid":{"rendered":"https:\/\/surayyazeynalova.com\/?page_id=19"},"modified":"2023-05-10T07:58:33","modified_gmt":"2023-05-10T07:58:33","slug":"haqqimda","status":"publish","type":"page","link":"https:\/\/surayyazeynalova.com\/?page_id=19","title":{"rendered":"Haqq\u0131mda"},"content":{"rendered":"\n<div class=\"wp-block-columns is-layout-flex wp-container-core-columns-is-layout-9d6595d7 wp-block-columns-is-layout-flex\">\n<div class=\"wp-block-column is-layout-flow wp-block-column-is-layout-flow\" style=\"flex-basis:33.33%\">\n<figure class=\"wp-block-image size-full is-resized is-style-rounded\"><img loading=\"lazy\" decoding=\"async\" src=\"https:\/\/surayyazeynalova.com\/wp-content\/uploads\/2023\/05\/Zeynalova-Sur\u0259yya-Ismayil-qizi.jpg\" alt=\"\" class=\"wp-image-76\" width=\"237\" height=\"327\" srcset=\"https:\/\/surayyazeynalova.com\/wp-content\/uploads\/2023\/05\/Zeynalova-Sur\u0259yya-Ismayil-qizi.jpg 316w, https:\/\/surayyazeynalova.com\/wp-content\/uploads\/2023\/05\/Zeynalova-Sur\u0259yya-Ismayil-qizi-217x300.jpg 217w\" sizes=\"auto, (max-width: 237px) 100vw, 237px\" \/><\/figure>\n<\/div>\n\n\n\n<div class=\"wp-block-column is-layout-flow wp-block-column-is-layout-flow\" style=\"flex-basis:66.66%\">\n<h2 class=\"wp-block-heading\">S\u00fcr\u0259yya Zeynalova \u0130smay\u0131l q\u0131z\u0131<\/h2>\n\n\n\n<p>01.07.1957-ci ild\u0259 Saatl\u0131 rayonunda anadan olmu\u015fam.<\/p>\n\n\n\n<p>1974-1978-ci ill\u0259rd\u0259 Az\u0259rbaycan D\u00f6vl\u0259t R\u0259ssaml\u0131q m\u0259kt\u0259bind\u0259 t\u0259hil alm\u0131\u015fam. \u018fla qiym\u0259tl\u0259rl\u0259 oxudu\u011fum \u00fc\u00e7\u00fcn t\u0259hsilimi davam etdirm\u0259k \u00fc\u00e7\u00fcn d\u00f6vl\u0259timiz m\u0259ni Xarkovda yerl\u0259\u015f\u0259n R\u0259ssaml\u0131q Akademiyas\u0131na g\u00f6nd\u0259rirdi. Lakin atam k\u0259nd adam\u0131 oldu\u011fu \u00fc\u00e7\u00fcn buna icaz\u0259 verm\u0259di. H\u0259min d\u00f6v\u00fcrd\u0259 ya\u015fad\u0131\u011f\u0131m Saatl\u0131 rayon k\u0259nd t\u0259ssarufat\u0131 rayonu idi. He\u00e7 bir r\u0259ssaml\u0131q \u015ftat\u0131 yox idi i\u015fl\u0259m\u0259k \u00fc\u00e7\u00fcn. \u00c7ox \u0259ziyy\u0259t \u00e7\u0259kirdim. Lakin ruhdan d\u00fc\u015fm\u0259dim v\u0259 yarad\u0131c\u0131l\u0131\u011f\u0131m\u0131 inki\u015faf etdirm\u0259k \u00fc\u00e7\u00fcn daim \u00f6z \u00fcz\u0259rimd\u0259 i\u015fl\u0259dim.<\/p>\n\n\n\n<p>Bu lahiy\u0259y\u0259 qo\u015fulmaqda m\u0259qs\u0259dim s\u0259n\u0259t \u0259s\u0259rl\u0259rimi s\u0259rgil\u0259m\u0259k&nbsp; f\u0259rdi&nbsp; vebsayta sahib olmaq v\u0259 s\u0259n\u0259t sah\u0259sind\u0259 gender b\u0259rab\u0259rsizliyi il\u0259 yana\u015f\u0131 paytaxtla rayon aras\u0131nda b\u0259rab\u0259rsiliyi aradan qald\u0131rmaq m\u0259qs\u0259dil\u0259 qo\u015fuluram.<\/p>\n\n\n\n<p><strong>Email<\/strong>: <a href=\"mailto:muzey83@mail.ru\">muzey83@mail.ru<\/a><br><strong>\u018flaq\u0259 n\u00f6mr\u0259si:<\/strong> +994 50 584 47 66<\/p>\n<\/div>\n<\/div>\n","protected":false},"excerpt":{"rendered":"<p>S\u00fcr\u0259yya Zeynalova \u0130smay\u0131l q\u0131z\u0131 01.07.1957-ci ild\u0259 Saatl\u0131 rayonunda anadan olmu\u015fam. 1974-1978-ci ill\u0259rd\u0259 Az\u0259rbaycan D\u00f6vl\u0259t R\u0259ssaml\u0131q m\u0259kt\u0259bind\u0259 t\u0259hil alm\u0131\u015fam. \u018fla qiym\u0259tl\u0259rl\u0259 oxudu\u011fum \u00fc\u00e7\u00fcn t\u0259hsilimi davam etdirm\u0259k \u00fc\u00e7\u00fcn d\u00f6vl\u0259timiz m\u0259ni Xarkovda yerl\u0259\u015f\u0259n R\u0259ssaml\u0131q Akademiyas\u0131na g\u00f6nd\u0259rirdi. Lakin atam k\u0259nd adam\u0131 oldu\u011fu \u00fc\u00e7\u00fcn buna icaz\u0259 verm\u0259di. H\u0259min d\u00f6v\u00fcrd\u0259 ya\u015fad\u0131\u011f\u0131m Saatl\u0131 rayon k\u0259nd t\u0259ssarufat\u0131 rayonu idi. He\u00e7 bir r\u0259ssaml\u0131q \u015ftat\u0131 [&hellip;]<\/p>\n","protected":false},"author":1,"featured_media":0,"parent":0,"menu_order":0,"comment_status":"closed","ping_status":"closed","template":"","meta":{"pgc_sgb_lightbox_settings":"","ocean_post_layout":"","ocean_both_sidebars_style":"","ocean_both_sidebars_content_width":0,"ocean_both_sidebars_sidebars_width":0,"ocean_sidebar":"0","ocean_second_sidebar":"0","ocean_disable_margins":"enable","ocean_add_body_class":"","ocean_shortcode_before_top_bar":"","ocean_shortcode_after_top_bar":"","ocean_shortcode_before_header":"","ocean_shortcode_after_header":"","ocean_has_shortcode":"","ocean_shortcode_after_title":"","ocean_shortcode_before_footer_widgets":"","ocean_shortcode_after_footer_widgets":"","ocean_shortcode_before_footer_bottom":"","ocean_shortcode_after_footer_bottom":"","ocean_display_top_bar":"default","ocean_display_header":"default","ocean_header_style":"","ocean_center_header_left_menu":"0","ocean_custom_header_template":"0","ocean_custom_logo":0,"ocean_custom_retina_logo":0,"ocean_custom_logo_max_width":0,"ocean_custom_logo_tablet_max_width":0,"ocean_custom_logo_mobile_max_width":0,"ocean_custom_logo_max_height":0,"ocean_custom_logo_tablet_max_height":0,"ocean_custom_logo_mobile_max_height":0,"ocean_header_custom_menu":"0","ocean_menu_typo_font_family":"0","ocean_menu_typo_font_subset":"","ocean_menu_typo_font_size":0,"ocean_menu_typo_font_size_tablet":0,"ocean_menu_typo_font_size_mobile":0,"ocean_menu_typo_font_size_unit":"px","ocean_menu_typo_font_weight":"","ocean_menu_typo_font_weight_tablet":"","ocean_menu_typo_font_weight_mobile":"","ocean_menu_typo_transform":"","ocean_menu_typo_transform_tablet":"","ocean_menu_typo_transform_mobile":"","ocean_menu_typo_line_height":0,"ocean_menu_typo_line_height_tablet":0,"ocean_menu_typo_line_height_mobile":0,"ocean_menu_typo_line_height_unit":"","ocean_menu_typo_spacing":0,"ocean_menu_typo_spacing_tablet":0,"ocean_menu_typo_spacing_mobile":0,"ocean_menu_typo_spacing_unit":"","ocean_menu_link_color":"","ocean_menu_link_color_hover":"","ocean_menu_link_color_active":"","ocean_menu_link_background":"","ocean_menu_link_hover_background":"","ocean_menu_link_active_background":"","ocean_menu_social_links_bg":"","ocean_menu_social_hover_links_bg":"","ocean_menu_social_links_color":"","ocean_menu_social_hover_links_color":"","ocean_disable_title":"default","ocean_disable_heading":"default","ocean_post_title":"","ocean_post_subheading":"","ocean_post_title_style":"","ocean_post_title_background_color":"","ocean_post_title_background":0,"ocean_post_title_bg_image_position":"","ocean_post_title_bg_image_attachment":"","ocean_post_title_bg_image_repeat":"","ocean_post_title_bg_image_size":"","ocean_post_title_height":0,"ocean_post_title_bg_overlay":0.5,"ocean_post_title_bg_overlay_color":"","ocean_disable_breadcrumbs":"default","ocean_breadcrumbs_color":"","ocean_breadcrumbs_separator_color":"","ocean_breadcrumbs_links_color":"","ocean_breadcrumbs_links_hover_color":"","ocean_display_footer_widgets":"default","ocean_display_footer_bottom":"default","ocean_custom_footer_template":"0","footnotes":""},"class_list":["post-19","page","type-page","status-publish","hentry","entry"],"_links":{"self":[{"href":"https:\/\/surayyazeynalova.com\/index.php?rest_route=\/wp\/v2\/pages\/19","targetHints":{"allow":["GET"]}}],"collection":[{"href":"https:\/\/surayyazeynalova.com\/index.php?rest_route=\/wp\/v2\/pages"}],"about":[{"href":"https:\/\/surayyazeynalova.com\/index.php?rest_route=\/wp\/v2\/types\/page"}],"author":[{"embeddable":true,"href":"https:\/\/surayyazeynalova.com\/index.php?rest_route=\/wp\/v2\/users\/1"}],"replies":[{"embeddable":true,"href":"https:\/\/surayyazeynalova.com\/index.php?rest_route=%2Fwp%2Fv2%2Fcomments&post=19"}],"version-history":[{"count":3,"href":"https:\/\/surayyazeynalova.com\/index.php?rest_route=\/wp\/v2\/pages\/19\/revisions"}],"predecessor-version":[{"id":81,"href":"https:\/\/surayyazeynalova.com\/index.php?rest_route=\/wp\/v2\/pages\/19\/revisions\/81"}],"wp:attachment":[{"href":"https:\/\/surayyazeynalova.com\/index.php?rest_route=%2Fwp%2Fv2%2Fmedia&parent=19"}],"curies":[{"name":"wp","href":"https:\/\/api.w.org\/{rel}","templated":true}]}}